{"id":2500,"date":"2023-07-24T10:19:33","date_gmt":"2023-07-24T10:19:33","guid":{"rendered":"https:\/\/www.somebyljubica.eu\/?post_type=product&#038;p=2500"},"modified":"2026-03-01T10:06:50","modified_gmt":"2026-03-01T09:06:50","slug":"body-butter-sunny","status":"publish","type":"product","link":"https:\/\/www.somebyljubica.eu\/de\/product\/body-butter-sunny\/","title":{"rendered":"Body Butter Sunny in drugi"},"content":{"rendered":"<div class=\"fusion-layout-column fusion_builder_column fusion-builder-column-0 fusion_builder_column_1_1 1_1 fusion-flex-column fusion-flex-align-self-flex-start\" style=\"--awb-bg-size:cover;--awb-width-large:100%;--awb-margin-top-large:0px;--awb-margin-bottom-large:20px;--awb-width-medium:100%;--awb-order-medium:0;--awb-width-small:100%;--awb-order-small:0;\" data-scroll-devices=\"small-visibility,medium-visibility,large-visibility\"><div class=\"fusion-column-wrapper fusion-column-has-shadow fusion-flex-justify-content-flex-start fusion-content-layout-column\"><div class=\"fusion-title title fusion-title-1 fusion-sep-none fusion-title-text fusion-title-size-four\" style=\"--awb-text-color:var(--awb-color7);--awb-margin-top-small:10px;--awb-margin-right-small:0px;--awb-margin-bottom-small:10px;--awb-margin-left-small:0px;--awb-font-size:22px;\"><h4 class=\"fusion-title-heading title-heading-left\" style=\"margin:0;font-size:1em;\"><div class=\"fusion-title title fusion-title-10 fusion-sep-none fusion-title-center fusion-title-text fusion-title-size-four\">\n<h4 class=\"fusion-title-heading title-heading-center\" style=\"text-align: left;\"><strong>Zitrone &amp; Vanille<\/strong><\/h4>\n<\/div><\/h4><\/div><div class=\"fusion-title title fusion-title-2 fusion-sep-none fusion-title-highlight fusion-animate-once fusion-highlight-underline fusion-title-size-four\" style=\"--awb-text-color:var(--awb-color7);--awb-highlight-color:var(--awb-color5);--awb-margin-bottom:30px;--awb-margin-top-small:10px;--awb-margin-right-small:0px;--awb-margin-bottom-small:10px;--awb-margin-left-small:0px;--awb-font-size:19px;\" data-highlight=\"underline\"><h4 class=\"fusion-title-heading title-heading-left\" style=\"margin:0;font-size:1em;\"><span class=\"fusion-highlighted-text-prefix\"><\/span> <span class=\"fusion-highlighted-text-wrapper\"><span class=\"fusion-highlighted-text\">Zutaten:<\/span><svg xmlns=\"http:\/\/www.w3.org\/2000\/svg\" viewbox=\"0 0 500 150\" preserveaspectratio=\"none\"><path d=\"M8.1,146.2c0,0,240.6-55.6,479-13.8\"><\/path><\/svg><\/span> <span class=\"fusion-highlighted-text-postfix\"><\/span><\/h4><\/div><div class=\"fusion-builder-row fusion-builder-row-inner fusion-row\"><div class=\"fusion-layout-column fusion_builder_column_inner fusion-builder-nested-column-0 fusion_builder_column_inner_1_3 1_3 fusion-flex-column fusion-flex-align-self-flex-start\" style=\"--awb-bg-size:cover;--awb-width-large:33.333333333333%;--awb-margin-top-large:0px;--awb-margin-bottom-large:20px;--awb-width-medium:33.333333333333%;--awb-order-medium:0;--awb-width-small:100%;--awb-order-small:0;\" data-scroll-devices=\"small-visibility,medium-visibility,large-visibility\"><div class=\"fusion-column-wrapper fusion-column-has-shadow fusion-flex-justify-content-flex-start fusion-content-layout-column\"><div class=\"accordian fusion-accordian\" style=\"--awb-border-size:1px;--awb-icon-size:16px;--awb-content-font-size:16px;--awb-icon-alignment:left;--awb-hover-color:#f9f9fb;--awb-border-color:#e2e2e2;--awb-background-color:#ffffff;--awb-divider-color:#e2e2e2;--awb-divider-hover-color:#e2e2e2;--awb-icon-color:#ffffff;--awb-title-color:var(--awb-color7);--awb-content-color:#4a4e57;--awb-icon-box-color:var(--awb-color5);--awb-toggle-hover-accent-color:var(--awb-color5);--awb-toggle-active-accent-color:var(--awb-color5);--awb-title-font-family:&quot;Domine&quot;;--awb-title-font-weight:400;--awb-title-font-style:normal;--awb-content-font-family:&quot;Inter&quot;;--awb-content-font-style:normal;--awb-content-font-weight:400;\"><div class=\"panel-group fusion-toggle-icon-boxed\" id=\"accordion-2500-1\"><div class=\"fusion-panel panel-default panel-69c957d4922014e16 fusion-toggle-no-divider\"><div class=\"panel-heading\"><h4 class=\"panel-title toggle\" id=\"toggle_69c957d4922014e16\"><a aria-expanded=\"false\" aria-controls=\"69c957d4922014e16\" role=\"button\" data-toggle=\"collapse\" data-parent=\"#accordion-2500-1\" data-target=\"#69c957d4922014e16\" href=\"#69c957d4922014e16\"><span class=\"fusion-toggle-icon-wrapper\" aria-hidden=\"true\"><i class=\"fa-fusion-box active-icon awb-icon-minus\" aria-hidden=\"true\"><\/i><i class=\"fa-fusion-box inactive-icon awb-icon-plus\" aria-hidden=\"true\"><\/i><\/span><span class=\"fusion-toggle-heading\">\u00c4THERISCHES ZITRONEN\u00d6L<\/span><\/a><\/h4><\/div><div id=\"69c957d4922014e16\" class=\"panel-collapse collapse\" aria-labelledby=\"toggle_69c957d4922014e16\"><div class=\"panel-body toggle-content fusion-clearfix\"><span style=\"font-size: 14px;\">Das \u00e4therische Zitronen\u00f6l hilft, die Fettigkeit der Haut zu regulieren und ist ein wirksamer Bestandteil im Kampf gegen Cellulite. Es ist ein \u201ekleiner Sonnenschein\u201c, der uns aufheitert und K\u00f6rper und Geist belebt.<br \/>\n<\/span><\/div><\/div><\/div><div class=\"fusion-panel panel-default panel-4819f998ad9de1a5d fusion-toggle-no-divider\"><div class=\"panel-heading\"><h4 class=\"panel-title toggle\" id=\"toggle_4819f998ad9de1a5d\"><a aria-expanded=\"false\" aria-controls=\"4819f998ad9de1a5d\" role=\"button\" data-toggle=\"collapse\" data-parent=\"#accordion-2500-1\" data-target=\"#4819f998ad9de1a5d\" href=\"#4819f998ad9de1a5d\"><span class=\"fusion-toggle-icon-wrapper\" aria-hidden=\"true\"><i class=\"fa-fusion-box active-icon awb-icon-minus\" aria-hidden=\"true\"><\/i><i class=\"fa-fusion-box inactive-icon awb-icon-plus\" aria-hidden=\"true\"><\/i><\/span><span class=\"fusion-toggle-heading\">VANILLEMAZERAT<\/span><\/a><\/h4><\/div><div id=\"4819f998ad9de1a5d\" class=\"panel-collapse collapse\" aria-labelledby=\"toggle_4819f998ad9de1a5d\"><div class=\"panel-body toggle-content fusion-clearfix\"><span style=\"font-size: 14px;\">VANILLEEXTRAKT beinhaltet einen hohen Anteil an Vitamin E und f\u00f6rdert die Widerstandskraft\nder Haut gegen \u00e4u\u00dfere Einfl\u00fcsse.<\/span><\/div><\/div><\/div><div class=\"fusion-panel panel-default panel-1735ee9f5d3be3c3f fusion-toggle-no-divider\"><div class=\"panel-heading\"><h4 class=\"panel-title toggle\" id=\"toggle_1735ee9f5d3be3c3f\"><a aria-expanded=\"false\" aria-controls=\"1735ee9f5d3be3c3f\" role=\"button\" data-toggle=\"collapse\" data-parent=\"#accordion-2500-1\" data-target=\"#1735ee9f5d3be3c3f\" href=\"#1735ee9f5d3be3c3f\"><span class=\"fusion-toggle-icon-wrapper\" aria-hidden=\"true\"><i class=\"fa-fusion-box active-icon awb-icon-minus\" aria-hidden=\"true\"><\/i><i class=\"fa-fusion-box inactive-icon awb-icon-plus\" aria-hidden=\"true\"><\/i><\/span><span class=\"fusion-toggle-heading\">SHEA BUTTER<\/span><\/a><\/h4><\/div><div id=\"1735ee9f5d3be3c3f\" class=\"panel-collapse collapse\" aria-labelledby=\"toggle_1735ee9f5d3be3c3f\"><div class=\"panel-body toggle-content fusion-clearfix\">\n<p><span style=\"font-size: 14px;\">SHEA BUTTER (BORUTUTU) ist reich an Fetts\u00e4uren, Provitamin A, Vitamin E und F und etwas\nAllantoin. Sie ist ideal f\u00fcr die Pflege von extrem trockener und reifer Haut. Die Haut f\u00fchlt sich\nschon nach ein paar Tagen sp\u00fcrbar weicher an.<\/span><\/p>\n<\/div><\/div><\/div><div class=\"fusion-panel panel-default panel-1e07c556dd7bc8c28 fusion-toggle-no-divider\"><div class=\"panel-heading\"><h4 class=\"panel-title toggle\" id=\"toggle_1e07c556dd7bc8c28\"><a aria-expanded=\"false\" aria-controls=\"1e07c556dd7bc8c28\" role=\"button\" data-toggle=\"collapse\" data-parent=\"#accordion-2500-1\" data-target=\"#1e07c556dd7bc8c28\" href=\"#1e07c556dd7bc8c28\"><span class=\"fusion-toggle-icon-wrapper\" aria-hidden=\"true\"><i class=\"fa-fusion-box active-icon awb-icon-minus\" aria-hidden=\"true\"><\/i><i class=\"fa-fusion-box inactive-icon awb-icon-plus\" aria-hidden=\"true\"><\/i><\/span><span class=\"fusion-toggle-heading\">KAKAOBUTTER<\/span><\/a><\/h4><\/div><div id=\"1e07c556dd7bc8c28\" class=\"panel-collapse collapse\" aria-labelledby=\"toggle_1e07c556dd7bc8c28\"><div class=\"panel-body toggle-content fusion-clearfix\">\n<p><span style=\"font-size: 14px;\">KAKAOBUTTER dringt tief in die Haut ein, befeuchtet sie, h\u00e4lt sie elastisch, reduziert Anzeichen\nvon trockener und besch\u00e4digter Haut und gl\u00e4ttet F\u00e4ltchen.<\/span><\/p>\n<\/div><\/div><\/div><\/div><\/div><\/div><\/div><div class=\"fusion-layout-column fusion_builder_column_inner fusion-builder-nested-column-1 fusion_builder_column_inner_1_3 1_3 fusion-flex-column fusion-flex-align-self-flex-start\" style=\"--awb-bg-size:cover;--awb-width-large:33.333333333333%;--awb-margin-top-large:0px;--awb-margin-bottom-large:20px;--awb-width-medium:33.333333333333%;--awb-order-medium:0;--awb-width-small:100%;--awb-order-small:0;\" data-scroll-devices=\"small-visibility,medium-visibility,large-visibility\"><div class=\"fusion-column-wrapper fusion-column-has-shadow fusion-flex-justify-content-flex-start fusion-content-layout-column\"><div class=\"accordian fusion-accordian\" style=\"--awb-border-size:1px;--awb-icon-size:16px;--awb-content-font-size:16px;--awb-icon-alignment:left;--awb-hover-color:#f9f9fb;--awb-border-color:#e2e2e2;--awb-background-color:#ffffff;--awb-divider-color:#e2e2e2;--awb-divider-hover-color:#e2e2e2;--awb-icon-color:#ffffff;--awb-title-color:var(--awb-color7);--awb-content-color:#4a4e57;--awb-icon-box-color:var(--awb-color5);--awb-toggle-hover-accent-color:var(--awb-color5);--awb-toggle-active-accent-color:var(--awb-color5);--awb-title-font-family:&quot;Domine&quot;;--awb-title-font-weight:400;--awb-title-font-style:normal;--awb-content-font-family:&quot;Inter&quot;;--awb-content-font-style:normal;--awb-content-font-weight:400;\"><div class=\"panel-group fusion-toggle-icon-boxed\" id=\"accordion-2500-2\"><div class=\"fusion-panel panel-default panel-0f3f36257662ca145 fusion-toggle-no-divider\"><div class=\"panel-heading\"><h4 class=\"panel-title toggle\" id=\"toggle_0f3f36257662ca145\"><a aria-expanded=\"false\" aria-controls=\"0f3f36257662ca145\" role=\"button\" data-toggle=\"collapse\" data-parent=\"#accordion-2500-2\" data-target=\"#0f3f36257662ca145\" href=\"#0f3f36257662ca145\"><span class=\"fusion-toggle-icon-wrapper\" aria-hidden=\"true\"><i class=\"fa-fusion-box active-icon awb-icon-minus\" aria-hidden=\"true\"><\/i><i class=\"fa-fusion-box inactive-icon awb-icon-plus\" aria-hidden=\"true\"><\/i><\/span><span class=\"fusion-toggle-heading\">OLIVEN\u00d6L<\/span><\/a><\/h4><\/div><div id=\"0f3f36257662ca145\" class=\"panel-collapse collapse\" aria-labelledby=\"toggle_0f3f36257662ca145\"><div class=\"panel-body toggle-content fusion-clearfix\">\n<p><span style=\"font-size: 14px;\">OLIVEN\u00d6L verlangsamt den Alterungsprozess der Haut und hilft, den Hautzustand zu verbessern.<\/span><\/p>\n<\/div><\/div><\/div><div class=\"fusion-panel panel-default panel-2b60d6d2496246029 fusion-toggle-no-divider\"><div class=\"panel-heading\"><h4 class=\"panel-title toggle\" id=\"toggle_2b60d6d2496246029\"><a aria-expanded=\"false\" aria-controls=\"2b60d6d2496246029\" role=\"button\" data-toggle=\"collapse\" data-parent=\"#accordion-2500-2\" data-target=\"#2b60d6d2496246029\" href=\"#2b60d6d2496246029\"><span class=\"fusion-toggle-icon-wrapper\" aria-hidden=\"true\"><i class=\"fa-fusion-box active-icon awb-icon-minus\" aria-hidden=\"true\"><\/i><i class=\"fa-fusion-box inactive-icon awb-icon-plus\" aria-hidden=\"true\"><\/i><\/span><span class=\"fusion-toggle-heading\"><span style=\"text-transform: uppercase\">Nat\u00fcrliches Sojawachs<\/span><\/span><\/a><\/h4><\/div><div id=\"2b60d6d2496246029\" class=\"panel-collapse collapse\" aria-labelledby=\"toggle_2b60d6d2496246029\"><div class=\"panel-body toggle-content fusion-clearfix\">\n<p><span style=\"font-size: 14px;\">Nat\u00fcrliches Sojawachs bildet auf der Haut eine sch\u00fctzende Schicht, verleiht Elastizit\u00e4t, bewahrt Feuchtigkeit und erh\u00f6ht so die Widerstandsf\u00e4higkeit gegen\u00fcber \u00e4u\u00dferen Einfl\u00fcssen.<\/span><\/p>\n<\/div><\/div><\/div><div class=\"fusion-panel panel-default panel-f95bcb131bc0e2f73 fusion-toggle-no-divider\"><div class=\"panel-heading\"><h4 class=\"panel-title toggle\" id=\"toggle_f95bcb131bc0e2f73\"><a aria-expanded=\"false\" aria-controls=\"f95bcb131bc0e2f73\" role=\"button\" data-toggle=\"collapse\" data-parent=\"#accordion-2500-2\" data-target=\"#f95bcb131bc0e2f73\" href=\"#f95bcb131bc0e2f73\"><span class=\"fusion-toggle-icon-wrapper\" aria-hidden=\"true\"><i class=\"fa-fusion-box active-icon awb-icon-minus\" aria-hidden=\"true\"><\/i><i class=\"fa-fusion-box inactive-icon awb-icon-plus\" aria-hidden=\"true\"><\/i><\/span><span class=\"fusion-toggle-heading\">KOKOS\u00d6L<\/span><\/a><\/h4><\/div><div id=\"f95bcb131bc0e2f73\" class=\"panel-collapse collapse\" aria-labelledby=\"toggle_f95bcb131bc0e2f73\"><div class=\"panel-body toggle-content fusion-clearfix\"><span style=\"font-size: 14px;\">KOKOS\u00d6L ist wahrer Balsam f\u00fcr die Haut. Es ist reich an Vitamin A,B und E, welche befeuchten,\nn\u00e4hren, st\u00e4rken und die Haut verj\u00fcngen.<\/span><\/div><\/div><\/div><div class=\"fusion-panel panel-default panel-7057f8665f6d43063 fusion-toggle-no-divider\"><div class=\"panel-heading\"><h4 class=\"panel-title toggle\" id=\"toggle_7057f8665f6d43063\"><a aria-expanded=\"false\" aria-controls=\"7057f8665f6d43063\" role=\"button\" data-toggle=\"collapse\" data-parent=\"#accordion-2500-2\" data-target=\"#7057f8665f6d43063\" href=\"#7057f8665f6d43063\"><span class=\"fusion-toggle-icon-wrapper\" aria-hidden=\"true\"><i class=\"fa-fusion-box active-icon awb-icon-minus\" aria-hidden=\"true\"><\/i><i class=\"fa-fusion-box inactive-icon awb-icon-plus\" aria-hidden=\"true\"><\/i><\/span><span class=\"fusion-toggle-heading\">VITAMIN E-\u00d6L<\/span><\/a><\/h4><\/div><div id=\"7057f8665f6d43063\" class=\"panel-collapse collapse\" aria-labelledby=\"toggle_7057f8665f6d43063\"><div class=\"panel-body toggle-content fusion-clearfix\"><span style=\"font-size: 14px;\">VITAMIN E-\u00d6L hat wunderbare befeuchtende und beruhigende Eigenschaften. Es sch\u00fctzt Ihre\nHaut vor t\u00e4glichen, \u00e4u\u00dferen Einfl\u00fcssen und verteidigt sie wie ein unsichtbares Schild.<\/span><\/div><\/div><\/div><\/div><\/div><\/div><\/div><div class=\"fusion-layout-column fusion_builder_column_inner fusion-builder-nested-column-2 fusion_builder_column_inner_1_3 1_3 fusion-flex-column\" style=\"--awb-bg-size:cover;--awb-width-large:33.333333333333%;--awb-margin-top-large:0px;--awb-margin-bottom-large:20px;--awb-width-medium:33.333333333333%;--awb-order-medium:0;--awb-width-small:100%;--awb-order-small:0;\"><div class=\"fusion-column-wrapper fusion-column-has-shadow fusion-flex-justify-content-flex-start fusion-content-layout-column\"><\/div><\/div><\/div><\/div><\/div>","protected":false},"excerpt":{"rendered":"<p class=\"translation-block\">Alle meine Produkte - einschlie\u00dflich K\u00f6rperbutter - sind zu 100% nat\u00fcrlich. Sie pflegen, n\u00e4hren und sch\u00fctzen die Haut vor \u00e4u\u00dferen Einfl\u00fcssen.<\/p>\n<p class=\"translation-block\">Ich stelle sie nach einem kalten Verfahren her, um die aktiven und heilenden Inhaltsstoffe zu bewahren.<\/p>\n<p>Wenn Sie trockene Haut haben, sind meine Butter genau das Richtige f\u00fcr Sie. Sie werden sie lieben, Ihre Haut wird sie lieben und das wird sich luxuri\u00f6s zeigen.<\/p>\n<p>Eine Mischung aus Sheabutter (Borututu), Kakaobutter, Kokos\u00f6l, Oliven\u00f6l, nat\u00fcrlichem Sojawachs und Vitamin-E-\u00d6l schafft eine weiche und glatte Textur, die Ihrer Haut genau das gibt, was sie braucht. Ihre Haut wird es Ihnen danken.<\/p>\n<p>\ud83c\udf38 Posebni pomladni vonji: Bergamot\/jasmin, Cveto\u010da \u010de\u0161nja\/Ylang Ylang\/geranija in Limeta\/poprova meta\/Patchouli.<\/p>","protected":false},"featured_media":2511,"comment_status":"closed","ping_status":"closed","template":"","meta":[],"product_brand":[],"product_cat":[28],"product_tag":[],"class_list":{"0":"post-2500","1":"product","2":"type-product","3":"status-publish","4":"has-post-thumbnail","6":"product_cat-masla","8":"first","9":"instock","10":"sale","11":"shipping-taxable","12":"purchasable","13":"product-type-variable"},"_links":{"self":[{"href":"https:\/\/www.somebyljubica.eu\/de\/wp-json\/wp\/v2\/product\/2500","targetHints":{"allow":["GET"]}}],"collection":[{"href":"https:\/\/www.somebyljubica.eu\/de\/wp-json\/wp\/v2\/product"}],"about":[{"href":"https:\/\/www.somebyljubica.eu\/de\/wp-json\/wp\/v2\/types\/product"}],"replies":[{"embeddable":true,"href":"https:\/\/www.somebyljubica.eu\/de\/wp-json\/wp\/v2\/comments?post=2500"}],"wp:featuredmedia":[{"embeddable":true,"href":"https:\/\/www.somebyljubica.eu\/de\/wp-json\/wp\/v2\/media\/2511"}],"wp:attachment":[{"href":"https:\/\/www.somebyljubica.eu\/de\/wp-json\/wp\/v2\/media?parent=2500"}],"wp:term":[{"taxonomy":"product_brand","embeddable":true,"href":"https:\/\/www.somebyljubica.eu\/de\/wp-json\/wp\/v2\/product_brand?post=2500"},{"taxonomy":"product_cat","embeddable":true,"href":"https:\/\/www.somebyljubica.eu\/de\/wp-json\/wp\/v2\/product_cat?post=2500"},{"taxonomy":"product_tag","embeddable":true,"href":"https:\/\/www.somebyljubica.eu\/de\/wp-json\/wp\/v2\/product_tag?post=2500"}],"curies":[{"name":"wp","href":"https:\/\/api.w.org\/{rel}","templated":true}]}}