{"id":2543,"date":"2023-07-24T11:47:18","date_gmt":"2023-07-24T09:47:18","guid":{"rendered":"https:\/\/www.somebyljubica.eu\/?post_type=product&#038;p=2543"},"modified":"2026-03-01T10:05:35","modified_gmt":"2026-03-01T09:05:35","slug":"deo-cream-limona-vrtnica-geranija","status":"publish","type":"product","link":"https:\/\/www.somebyljubica.eu\/de\/product\/deo-cream-limona-vrtnica-geranija\/","title":{"rendered":"Deo Cream Limona &#038; Vrtnica\/Geranija in drugi"},"content":{"rendered":"<div class=\"fusion-layout-column fusion_builder_column fusion-builder-column-0 fusion_builder_column_1_1 1_1 fusion-flex-column fusion-flex-align-self-center\" style=\"--awb-bg-size:cover;--awb-width-large:100%;--awb-margin-top-large:0px;--awb-margin-bottom-large:20px;--awb-width-medium:100%;--awb-order-medium:0;--awb-width-small:100%;--awb-order-small:0;\"><div class=\"fusion-column-wrapper fusion-column-has-shadow fusion-flex-justify-content-center fusion-content-layout-column\"><div class=\"fusion-title title fusion-title-1 fusion-sep-none fusion-title-center fusion-title-text fusion-title-size-four\" style=\"--awb-text-color:var(--awb-color7);--awb-margin-top:30px;--awb-margin-bottom:30px;--awb-margin-top-small:10px;--awb-margin-right-small:0px;--awb-margin-bottom-small:10px;--awb-margin-left-small:0px;--awb-font-size:22px;\"><h4 class=\"fusion-title-heading title-heading-center\" style=\"margin:0;font-size:1em;\"><p style=\"text-align: left;\"><strong>Zitrone &amp; Rose \/ Geranie<\/strong><\/p><\/h4><\/div><div class=\"fusion-title title fusion-title-2 fusion-sep-none fusion-title-highlight fusion-animate-once fusion-highlight-underline fusion-title-size-four\" style=\"--awb-text-color:var(--awb-color7);--awb-highlight-color:var(--awb-color5);--awb-margin-top:30px;--awb-margin-bottom:30px;--awb-margin-top-small:10px;--awb-margin-right-small:0px;--awb-margin-bottom-small:10px;--awb-margin-left-small:0px;--awb-font-size:19px;\" data-highlight=\"underline\"><h4 class=\"fusion-title-heading title-heading-left\" style=\"margin:0;font-size:1em;\"><span class=\"fusion-highlighted-text-prefix\"><\/span> <span class=\"fusion-highlighted-text-wrapper\"><span class=\"fusion-highlighted-text\">Zutaten:<\/span><svg xmlns=\"http:\/\/www.w3.org\/2000\/svg\" viewbox=\"0 0 500 150\" preserveaspectratio=\"none\"><path d=\"M8.1,146.2c0,0,240.6-55.6,479-13.8\"><\/path><\/svg><\/span> <span class=\"fusion-highlighted-text-postfix\"><\/span><\/h4><\/div><div class=\"fusion-builder-row fusion-builder-row-inner fusion-row\"><div class=\"fusion-layout-column fusion_builder_column_inner fusion-builder-nested-column-0 fusion_builder_column_inner_1_3 1_3 fusion-flex-column\" style=\"--awb-bg-size:cover;--awb-width-large:33.333333333333%;--awb-margin-top-large:0px;--awb-margin-bottom-large:20px;--awb-width-medium:33.333333333333%;--awb-order-medium:0;--awb-width-small:100%;--awb-order-small:0;\"><div class=\"fusion-column-wrapper fusion-column-has-shadow fusion-flex-justify-content-flex-start fusion-content-layout-column\"><div class=\"accordian fusion-accordian\" style=\"--awb-border-size:1px;--awb-icon-size:16px;--awb-content-font-size:16px;--awb-icon-alignment:left;--awb-hover-color:#f9f9fb;--awb-border-color:#e2e2e2;--awb-background-color:#ffffff;--awb-divider-color:#e2e2e2;--awb-divider-hover-color:#e2e2e2;--awb-icon-color:#ffffff;--awb-title-color:var(--awb-color7);--awb-content-color:#4a4e57;--awb-icon-box-color:var(--awb-color5);--awb-toggle-hover-accent-color:var(--awb-color5);--awb-toggle-active-accent-color:var(--awb-color5);--awb-title-font-family:&quot;Domine&quot;;--awb-title-font-weight:400;--awb-title-font-style:normal;--awb-content-font-family:&quot;Inter&quot;;--awb-content-font-style:normal;--awb-content-font-weight:400;\"><div class=\"panel-group fusion-toggle-icon-boxed\" id=\"accordion-2543-1\"><div class=\"fusion-panel panel-default panel-da761c3f59771b8f7 fusion-toggle-no-divider\"><div class=\"panel-heading\"><h4 class=\"panel-title toggle\" id=\"toggle_da761c3f59771b8f7\"><a aria-expanded=\"false\" aria-controls=\"da761c3f59771b8f7\" role=\"button\" data-toggle=\"collapse\" data-parent=\"#accordion-2543-1\" data-target=\"#da761c3f59771b8f7\" href=\"#da761c3f59771b8f7\"><span class=\"fusion-toggle-icon-wrapper\" aria-hidden=\"true\"><i class=\"fa-fusion-box active-icon awb-icon-minus\" aria-hidden=\"true\"><\/i><i class=\"fa-fusion-box inactive-icon awb-icon-plus\" aria-hidden=\"true\"><\/i><\/span><span class=\"fusion-toggle-heading\">\u00c4THERISCHES ZITRONEN\u00d6L <\/span><\/a><\/h4><\/div><div id=\"da761c3f59771b8f7\" class=\"panel-collapse collapse\" aria-labelledby=\"toggle_da761c3f59771b8f7\"><div class=\"panel-body toggle-content fusion-clearfix\"><span style=\"font-size: 14px;\">\u00c4THERISCHES ZITRONEN\u00d6L hilft, \u00f6lige Haut zu regulieren und ist ein effektives Mittel, um Cellulite zu bek\u00e4mpfen. Es ist der \u201cSonnenschein\u201d , der uns aufheitert und K\u00f6rper und Geist stimuliert.<\/span><\/div><\/div><\/div><div class=\"fusion-panel panel-default panel-8cb216380a075e7db fusion-toggle-no-divider\"><div class=\"panel-heading\"><h4 class=\"panel-title toggle\" id=\"toggle_8cb216380a075e7db\"><a aria-expanded=\"false\" aria-controls=\"8cb216380a075e7db\" role=\"button\" data-toggle=\"collapse\" data-parent=\"#accordion-2543-1\" data-target=\"#8cb216380a075e7db\" href=\"#8cb216380a075e7db\"><span class=\"fusion-toggle-icon-wrapper\" aria-hidden=\"true\"><i class=\"fa-fusion-box active-icon awb-icon-minus\" aria-hidden=\"true\"><\/i><i class=\"fa-fusion-box inactive-icon awb-icon-plus\" aria-hidden=\"true\"><\/i><\/span><span class=\"fusion-toggle-heading\">\u00c4THERISCHES ROSEN\/GERANIEN\u00d6L<\/span><\/a><\/h4><\/div><div id=\"8cb216380a075e7db\" class=\"panel-collapse collapse\" aria-labelledby=\"toggle_8cb216380a075e7db\"><div class=\"panel-body toggle-content fusion-clearfix\">\n<p><span style=\"font-size: 14px;\">\u00c4therisches Rosen\/Geranien\u00f6l ist sehr erfolgreich bei der Behandlung von Pilzen (Haut, vaginal).\nDas \u00d6l ist extrem mild und n\u00e4hrt die Haut. Der sinnliche Duft passt perfekt f\u00fcr Gesicht, H\u00e4nde und K\u00f6rper.<\/span><\/p>\n<\/div><\/div><\/div><\/div><\/div><\/div><\/div><div class=\"fusion-layout-column fusion_builder_column_inner fusion-builder-nested-column-1 fusion_builder_column_inner_1_3 1_3 fusion-flex-column\" style=\"--awb-bg-size:cover;--awb-width-large:33.333333333333%;--awb-margin-top-large:0px;--awb-margin-bottom-large:20px;--awb-width-medium:33.333333333333%;--awb-order-medium:0;--awb-width-small:100%;--awb-order-small:0;\"><div class=\"fusion-column-wrapper fusion-column-has-shadow fusion-flex-justify-content-flex-start fusion-content-layout-column\"><div class=\"accordian fusion-accordian\" style=\"--awb-border-size:1px;--awb-icon-size:16px;--awb-content-font-size:16px;--awb-icon-alignment:left;--awb-hover-color:#f9f9fb;--awb-border-color:#e2e2e2;--awb-background-color:#ffffff;--awb-divider-color:#e2e2e2;--awb-divider-hover-color:#e2e2e2;--awb-icon-color:#ffffff;--awb-title-color:var(--awb-color7);--awb-content-color:#4a4e57;--awb-icon-box-color:var(--awb-color5);--awb-toggle-hover-accent-color:var(--awb-color5);--awb-toggle-active-accent-color:var(--awb-color5);--awb-title-font-family:&quot;Domine&quot;;--awb-title-font-weight:400;--awb-title-font-style:normal;--awb-content-font-family:&quot;Inter&quot;;--awb-content-font-style:normal;--awb-content-font-weight:400;\"><div class=\"panel-group fusion-toggle-icon-boxed\" id=\"accordion-2543-2\"><div class=\"fusion-panel panel-default panel-999e285a8a430971f fusion-toggle-no-divider\"><div class=\"panel-heading\"><h4 class=\"panel-title toggle\" id=\"toggle_999e285a8a430971f\"><a aria-expanded=\"false\" aria-controls=\"999e285a8a430971f\" role=\"button\" data-toggle=\"collapse\" data-parent=\"#accordion-2543-2\" data-target=\"#999e285a8a430971f\" href=\"#999e285a8a430971f\"><span class=\"fusion-toggle-icon-wrapper\" aria-hidden=\"true\"><i class=\"fa-fusion-box active-icon awb-icon-minus\" aria-hidden=\"true\"><\/i><i class=\"fa-fusion-box inactive-icon awb-icon-plus\" aria-hidden=\"true\"><\/i><\/span><span class=\"fusion-toggle-heading\">KOKOS\u00d6L<\/span><\/a><\/h4><\/div><div id=\"999e285a8a430971f\" class=\"panel-collapse collapse\" aria-labelledby=\"toggle_999e285a8a430971f\"><div class=\"panel-body toggle-content fusion-clearfix\">\n<p><span style=\"font-size: 14px;\">KOKOS\u00d6L ist wahrer Balsam f\u00fcr die Haut. Es ist reich an Vitamin A,B und E, welche befeuchten, n\u00e4hren, st\u00e4rken und die Haut verj\u00fcngen.<\/span><\/p>\n<\/div><\/div><\/div><div class=\"fusion-panel panel-default panel-82c527fe688d7f19c fusion-toggle-no-divider\"><div class=\"panel-heading\"><h4 class=\"panel-title toggle\" id=\"toggle_82c527fe688d7f19c\"><a aria-expanded=\"false\" aria-controls=\"82c527fe688d7f19c\" role=\"button\" data-toggle=\"collapse\" data-parent=\"#accordion-2543-2\" data-target=\"#82c527fe688d7f19c\" href=\"#82c527fe688d7f19c\"><span class=\"fusion-toggle-icon-wrapper\" aria-hidden=\"true\"><i class=\"fa-fusion-box active-icon awb-icon-minus\" aria-hidden=\"true\"><\/i><i class=\"fa-fusion-box inactive-icon awb-icon-plus\" aria-hidden=\"true\"><\/i><\/span><span class=\"fusion-toggle-heading\">SODIUM-BICARBONAT<\/span><\/a><\/h4><\/div><div id=\"82c527fe688d7f19c\" class=\"panel-collapse collapse\" aria-labelledby=\"toggle_82c527fe688d7f19c\"><div class=\"panel-body toggle-content fusion-clearfix\"><span style=\"font-size: 14px;\">Sodium-Bicarbonat ist ein wundersames, wei\u00dfes Pulver, das unsere Gro\u00dfm\u00fctter zum Heilen und\nf\u00fcr die Sch\u00f6nheit schon verwendeten. Man verwendet es, um die S\u00e4ure im Schwei\u00df zu\nneutralisieren und Bakterien unter den Achseln zu beseitigen. , es verhindert die Entstehung von\nK\u00f6rpergeruch.<\/span><\/div><\/div><\/div><div class=\"fusion-panel panel-default panel-a3e3a1e8674db446d fusion-toggle-no-divider\"><div class=\"panel-heading\"><h4 class=\"panel-title toggle\" id=\"toggle_a3e3a1e8674db446d\"><a aria-expanded=\"false\" aria-controls=\"a3e3a1e8674db446d\" role=\"button\" data-toggle=\"collapse\" data-parent=\"#accordion-2543-2\" data-target=\"#a3e3a1e8674db446d\" href=\"#a3e3a1e8674db446d\"><span class=\"fusion-toggle-icon-wrapper\" aria-hidden=\"true\"><i class=\"fa-fusion-box active-icon awb-icon-minus\" aria-hidden=\"true\"><\/i><i class=\"fa-fusion-box inactive-icon awb-icon-plus\" aria-hidden=\"true\"><\/i><\/span><span class=\"fusion-toggle-heading\">MAISST\u00c4RKE <\/span><\/a><\/h4><\/div><div id=\"a3e3a1e8674db446d\" class=\"panel-collapse collapse\" aria-labelledby=\"toggle_a3e3a1e8674db446d\"><div class=\"panel-body toggle-content fusion-clearfix\"><span style=\"font-size: 14px;\">Maisst\u00e4rke ist ein Pulver, das dem Deo seine seidige Textur verleiht w\u00e4hrend es die Haut beruhigt.<\/span><\/div><\/div><\/div><\/div><\/div><\/div><\/div><div class=\"fusion-layout-column fusion_builder_column_inner fusion-builder-nested-column-2 fusion_builder_column_inner_1_3 1_3 fusion-flex-column\" style=\"--awb-bg-size:cover;--awb-width-large:33.333333333333%;--awb-margin-top-large:0px;--awb-margin-bottom-large:20px;--awb-width-medium:33.333333333333%;--awb-order-medium:0;--awb-width-small:100%;--awb-order-small:0;\"><div class=\"fusion-column-wrapper fusion-column-has-shadow fusion-flex-justify-content-flex-start fusion-content-layout-column\"><\/div><\/div><\/div><\/div><\/div>","protected":false},"excerpt":{"rendered":"<div class=\"fusion-text fusion-text-2\">\n<p class=\"translation-block\">Wie meine anderen Produkte auch, werden Deodorants von mir mit viel Sorgfalt und Liebe mit\nmeinen eigenen H\u00e4nden hergestellt. Sie werden aus komplett nat\u00fcrlichen Zutaten gemacht,\nharmlos f\u00fcr die Gesundheit, antibakteriell und extrem effektiv. Sie beinhalten kein Aluminium,\nAlkohol, Parabene, k\u00fcnstliche Farbstoffe oder D\u00fcfte. Auch passend f\u00fcr Veganer.<\/p>\n<p class=\"translation-block\">Meine Deodorants sind einfach aber sehr effektiv. Sie werden es nach der ersten Verwendung\nbemerken. Ich bin mir sicher, Sie werden den sanften Geruch der nat\u00fcrlichen \u00e4therischen \u00d6le\nw\u00e4hrend des ganzen Tages genie\u00dfen, sie neutralisieren den K\u00f6rpergeruch und geben ein frisches\nund sauberes Gef\u00fchl. F\u00fcr jeden passend.<\/p>\n<p>\ud83c\udf38 Posebni pomladni vonji: Bergamot\/jasmin, Cveto\u010da \u010de\u0161nja\/Ylang Ylang\/geranija in Limeta\/poprova meta\/Patchouli.<\/p>\n<\/div>","protected":false},"featured_media":2551,"comment_status":"closed","ping_status":"closed","template":"","meta":[],"product_brand":[],"product_cat":[29],"product_tag":[],"class_list":{"0":"post-2543","1":"product","2":"type-product","3":"status-publish","4":"has-post-thumbnail","6":"product_cat-deos","8":"first","9":"instock","10":"sale","11":"shipping-taxable","12":"purchasable","13":"product-type-variable"},"_links":{"self":[{"href":"https:\/\/www.somebyljubica.eu\/de\/wp-json\/wp\/v2\/product\/2543","targetHints":{"allow":["GET"]}}],"collection":[{"href":"https:\/\/www.somebyljubica.eu\/de\/wp-json\/wp\/v2\/product"}],"about":[{"href":"https:\/\/www.somebyljubica.eu\/de\/wp-json\/wp\/v2\/types\/product"}],"replies":[{"embeddable":true,"href":"https:\/\/www.somebyljubica.eu\/de\/wp-json\/wp\/v2\/comments?post=2543"}],"wp:featuredmedia":[{"embeddable":true,"href":"https:\/\/www.somebyljubica.eu\/de\/wp-json\/wp\/v2\/media\/2551"}],"wp:attachment":[{"href":"https:\/\/www.somebyljubica.eu\/de\/wp-json\/wp\/v2\/media?parent=2543"}],"wp:term":[{"taxonomy":"product_brand","embeddable":true,"href":"https:\/\/www.somebyljubica.eu\/de\/wp-json\/wp\/v2\/product_brand?post=2543"},{"taxonomy":"product_cat","embeddable":true,"href":"https:\/\/www.somebyljubica.eu\/de\/wp-json\/wp\/v2\/product_cat?post=2543"},{"taxonomy":"product_tag","embeddable":true,"href":"https:\/\/www.somebyljubica.eu\/de\/wp-json\/wp\/v2\/product_tag?post=2543"}],"curies":[{"name":"wp","href":"https:\/\/api.w.org\/{rel}","templated":true}]}}