{"id":2959,"date":"2023-07-27T13:04:03","date_gmt":"2023-07-27T13:04:03","guid":{"rendered":"https:\/\/www.somebyljubica.eu\/?post_type=product&#038;p=2959"},"modified":"2026-03-01T09:51:36","modified_gmt":"2026-03-01T08:51:36","slug":"sacral-chakra","status":"publish","type":"product","link":"https:\/\/www.somebyljubica.eu\/de\/product\/sacral-chakra\/","title":{"rendered":"Sacral Chakra Candle"},"content":{"rendered":"<p class=\"translation-block\">Es ist interessant, wie mich meine Wege immer in Ihre Richtung, die Richtung zu\nIhrem Wohlbefinden, f\u00fchren. Immer wieder, von Zeit zu Zeit, wenn ich von Ihren\nHerausforderungen und Gef\u00fchlen h\u00f6re, frage ich mich, was ich noch tun kann\num Ihnen zu helfen. - wenn ich es nicht durch Ber\u00fchrung bei einer Massage tun\nkann, dann wenigstens auf Distanz. Und wie Sie sich selbst helfen k\u00f6nnen.\nGegebenenfalls bin ich haupts\u00e4chlich mit der Gesundheit Ihrer Haut befasst, und mit\ndem \u00c4u\u00dferen Ihres K\u00f6rpers, jetzt ist Zeit f\u00fcr Ihr wahres Ich. Das bedeutet, dass die\nPflege unseres K\u00f6rpers immer im Innersten beginnen sollte, in unseren Tiefen.\nUnd unsere Chakren spielen dabei eine gro\u00dfe Rolle.\nDie Lehre der Chakren kommt von \u00f6stlichen, spirituellen Traditionen, welche besagen, dass die\nsieben urspr\u00fcnglichen Chakren die Basis der menschlichen Existenz sind. Der Westen n\u00e4hert\nsich dem \u00e4hnlich an, er setzt gro\u00dfe Schwerpunkte auf die sieben Chakren, die als Darstellungen\nverschiedener Aspekte unseres Lebens dienen und beschreibt ihre Wirkung mit verschiedenen\nBegriffen, die Adjektive wie \u00bbpsychologisch\u00ab, \u00bbphysisch\u00ab, \u00bbenergetisch\u00ab und \u00bbgeistlich\u00ab beinhalten.\nWie werde ich Ihnen helfen, die Funktion Ihrer Chakren zu stimulieren?\nMit meinen Kerzen, sie sind f\u00fcr unsere sieben Chakren\nbestimmt. Jedes Chakra hat seine eigene Kerze.\nZ\u00fcnden Sie eine Kerze w\u00e4hrend einer Meditation oder eines Rituals, das die\nSpiritualit\u00e4t, Emotionalit\u00e4t und das mentale Wohlbefinden f\u00f6rdert, an.\nLeben Sie in Harmonie, l\u00f6sen Sie Konflikte auf und unterst\u00fctzen Sie sich selbst.<\/p>","protected":false},"excerpt":{"rendered":"<p class=\"translation-block\">Nat\u00fcrliche, handgefertigte Kerze aus Sojawachs mit einer Mischung aus \u00e4therischen \u00d6len, die das pers\u00f6nliche Empowerment und das Selbstvertrauen steigert. Sie hebt Ihr Selbstwertgef\u00fchl, beseitigt tiefe \u00c4ngste und bringt Funken und Optimismus in Ihr Leben zur\u00fcck.<\/p>\n<p>D\u00fcfte: Patchouli, Rote Mandarine, S\u00fc\u00dfe Orange<\/p>","protected":false},"featured_media":3769,"comment_status":"closed","ping_status":"closed","template":"","meta":[],"product_brand":[],"product_cat":[33,32],"product_tag":[39],"class_list":{"0":"post-2959","1":"product","2":"type-product","3":"status-publish","4":"has-post-thumbnail","6":"product_cat-cakra-svece","7":"product_cat-svece","8":"product_tag-sacral","10":"first","11":"instock","12":"sale","13":"shipping-taxable","14":"purchasable","15":"product-type-simple"},"_links":{"self":[{"href":"https:\/\/www.somebyljubica.eu\/de\/wp-json\/wp\/v2\/product\/2959","targetHints":{"allow":["GET"]}}],"collection":[{"href":"https:\/\/www.somebyljubica.eu\/de\/wp-json\/wp\/v2\/product"}],"about":[{"href":"https:\/\/www.somebyljubica.eu\/de\/wp-json\/wp\/v2\/types\/product"}],"replies":[{"embeddable":true,"href":"https:\/\/www.somebyljubica.eu\/de\/wp-json\/wp\/v2\/comments?post=2959"}],"wp:featuredmedia":[{"embeddable":true,"href":"https:\/\/www.somebyljubica.eu\/de\/wp-json\/wp\/v2\/media\/3769"}],"wp:attachment":[{"href":"https:\/\/www.somebyljubica.eu\/de\/wp-json\/wp\/v2\/media?parent=2959"}],"wp:term":[{"taxonomy":"product_brand","embeddable":true,"href":"https:\/\/www.somebyljubica.eu\/de\/wp-json\/wp\/v2\/product_brand?post=2959"},{"taxonomy":"product_cat","embeddable":true,"href":"https:\/\/www.somebyljubica.eu\/de\/wp-json\/wp\/v2\/product_cat?post=2959"},{"taxonomy":"product_tag","embeddable":true,"href":"https:\/\/www.somebyljubica.eu\/de\/wp-json\/wp\/v2\/product_tag?post=2959"}],"curies":[{"name":"wp","href":"https:\/\/api.w.org\/{rel}","templated":true}]}}