{"id":2981,"date":"2023-08-07T08:14:17","date_gmt":"2023-08-07T08:14:17","guid":{"rendered":"https:\/\/www.somebyljubica.eu\/?post_type=product&#038;p=2981"},"modified":"2026-03-01T09:50:53","modified_gmt":"2026-03-01T08:50:53","slug":"some-sveca","status":"publish","type":"product","link":"https:\/\/www.somebyljubica.eu\/de\/product\/some-sveca\/","title":{"rendered":"SOme COCONUT Candle"},"content":{"rendered":"","protected":false},"excerpt":{"rendered":"<p class=\"translation-block\">F\u00fcr gew\u00f6hnlich z\u00fcnden wir Kerzen an, wenn wir uns gut f\u00fchlen oder eine angenehme Atmosph\u00e4re\nschaffen wollen. Wenn sie sowohl angenehm riechen als auch ganz organisch sind, wird die\nErfahrung damit perfekt sein.<\/p>\n<p class=\"translation-block\">Meine veganen und umweltfreundlichen Kerzen sind aus 100% nat\u00fcrlichem Soja-Wachs gefertigt.\nJede wird in eine Kokosnuss-Schale h\u00e4ndisch mit viel Liebe gegossen. Sie riechen wunderbar und\nbrennen langsam durch die knisternden Holzdochte. Alle Kerzen sind mit Duft\u00f6len und\neinzigartigen Dekorationen angereichert und sind perfekt f\u00fcr Liebende von romantischen\nMomenten.<\/p>","protected":false},"featured_media":2995,"comment_status":"closed","ping_status":"closed","template":"","meta":[],"product_brand":[],"product_cat":[41,32],"product_tag":[57],"class_list":{"0":"post-2981","1":"product","2":"type-product","3":"status-publish","4":"has-post-thumbnail","6":"product_cat-sojine-svece","7":"product_cat-svece","8":"product_tag-coconutcandle","10":"first","11":"instock","12":"sale","13":"featured","14":"shipping-taxable","15":"purchasable","16":"product-type-variable"},"_links":{"self":[{"href":"https:\/\/www.somebyljubica.eu\/de\/wp-json\/wp\/v2\/product\/2981","targetHints":{"allow":["GET"]}}],"collection":[{"href":"https:\/\/www.somebyljubica.eu\/de\/wp-json\/wp\/v2\/product"}],"about":[{"href":"https:\/\/www.somebyljubica.eu\/de\/wp-json\/wp\/v2\/types\/product"}],"replies":[{"embeddable":true,"href":"https:\/\/www.somebyljubica.eu\/de\/wp-json\/wp\/v2\/comments?post=2981"}],"wp:featuredmedia":[{"embeddable":true,"href":"https:\/\/www.somebyljubica.eu\/de\/wp-json\/wp\/v2\/media\/2995"}],"wp:attachment":[{"href":"https:\/\/www.somebyljubica.eu\/de\/wp-json\/wp\/v2\/media?parent=2981"}],"wp:term":[{"taxonomy":"product_brand","embeddable":true,"href":"https:\/\/www.somebyljubica.eu\/de\/wp-json\/wp\/v2\/product_brand?post=2981"},{"taxonomy":"product_cat","embeddable":true,"href":"https:\/\/www.somebyljubica.eu\/de\/wp-json\/wp\/v2\/product_cat?post=2981"},{"taxonomy":"product_tag","embeddable":true,"href":"https:\/\/www.somebyljubica.eu\/de\/wp-json\/wp\/v2\/product_tag?post=2981"}],"curies":[{"name":"wp","href":"https:\/\/api.w.org\/{rel}","templated":true}]}}