{"id":3189,"date":"2023-08-07T14:42:41","date_gmt":"2023-08-07T12:42:41","guid":{"rendered":"https:\/\/www.somebyljubica.eu\/?post_type=product&#038;p=3189"},"modified":"2026-03-01T09:21:38","modified_gmt":"2026-03-01T08:21:38","slug":"some-anti-insect-massage-candle","status":"publish","type":"product","link":"https:\/\/www.somebyljubica.eu\/de\/product\/some-anti-insect-massage-candle\/","title":{"rendered":"SOme BUG Candle"},"content":{"rendered":"<div class=\"fusion-layout-column fusion_builder_column fusion-builder-column-0 fusion_builder_column_1_1 1_1 fusion-flex-column fusion-animated\" style=\"--awb-padding-top:40px;--awb-padding-right:40px;--awb-padding-bottom:40px;--awb-padding-left:40px;--awb-overflow:hidden;--awb-bg-position:right bottom;--awb-bg-size:contain;--awb-border-radius:8px 8px 8px 8px;--awb-width-large:100%;--awb-margin-top-large:40px;--awb-spacing-right-large:calc( 0.016 * calc( 100% - ) );--awb-margin-bottom-large:0px;--awb-width-medium:100%;--awb-order-medium:0;--awb-spacing-right-medium:calc( 0.016 * calc( 100% - ) );--awb-width-small:100%;--awb-order-small:0;--awb-margin-bottom-small:40px;\" data-animationtype=\"fadeInLeft\" data-animationduration=\"1.3\" data-animationoffset=\"top-into-view\" data-scroll-devices=\"small-visibility,medium-visibility,large-visibility\"><div class=\"fusion-column-wrapper fusion-column-has-shadow fusion-flex-justify-content-flex-start fusion-content-layout-column\"><div class=\"fusion-builder-row fusion-builder-row-inner fusion-row\"><div class=\"fusion-layout-column fusion_builder_column_inner fusion-builder-nested-column-0 fusion_builder_column_inner_1_2 1_2 fusion-flex-column\" style=\"--awb-bg-size:cover;--awb-width-large:50%;--awb-margin-top-large:0px;--awb-margin-bottom-large:20px;--awb-width-medium:50%;--awb-order-medium:0;--awb-width-small:100%;--awb-order-small:0;\"><div class=\"fusion-column-wrapper fusion-column-has-shadow fusion-flex-justify-content-flex-start fusion-content-layout-column\"><div class=\"fusion-title title fusion-title-1 fusion-sep-none fusion-title-text fusion-title-size-four\" style=\"--awb-margin-top-small:10px;--awb-margin-right-small:0px;--awb-margin-bottom-small:10px;--awb-margin-left-small:0px;\"><h4 class=\"fusion-title-heading title-heading-left\" style=\"margin:0;\"><strong>Anwendung<\/strong><\/h4><\/div><div class=\"fusion-text fusion-text-1\"><p>Einfach anz\u00fcnden und 10\u201315 Minuten brennen lassen. Das Wachs schmilzt zu einem warmen und\npflegenden Massage\u00f6l und ist perfekt f\u00fcr ein entspannendes und wohltuendes Massageerlebnis.<br \/>\nHandgefertigt in kleinen Mengen, um h\u00f6chste Qualit\u00e4t und Konsistenz zu gew\u00e4hrleisten.<br \/>\nWechseln Sie mit unserer 100 % nat\u00fcrlichen Massagekerze zu einem achtsameren und\nnachhaltigeren Lebensstil.<\/p>\n<\/div><\/div><\/div><div class=\"fusion-layout-column fusion_builder_column_inner fusion-builder-nested-column-1 fusion_builder_column_inner_1_2 1_2 fusion-flex-column\" style=\"--awb-bg-size:cover;--awb-width-large:50%;--awb-margin-top-large:0px;--awb-margin-bottom-large:20px;--awb-width-medium:50%;--awb-order-medium:0;--awb-width-small:100%;--awb-order-small:0;\" data-scroll-devices=\"small-visibility,medium-visibility,large-visibility\"><div class=\"fusion-column-wrapper fusion-column-has-shadow fusion-flex-justify-content-flex-start fusion-content-layout-column\"><div class=\"fusion-title title fusion-title-2 fusion-sep-none fusion-title-text fusion-title-size-four\" style=\"--awb-margin-top-small:10px;--awb-margin-right-small:0px;--awb-margin-bottom-small:10px;--awb-margin-left-small:0px;\"><h4 class=\"fusion-title-heading title-heading-left\" style=\"margin:0;\"><strong>SICHERHEITSHINWEIS<\/strong><\/h4><\/div><div class=\"fusion-text fusion-text-2\"><p>Das Wachs sollte nicht auf verletzter oder gereizter Haut angewendet werden. Von Augen\nfernhalten. Nicht zur oralen Anwendung geeignet. Nicht verwenden, wenn eine Allergie gegen Soja\noder N\u00fcsse besteht.<\/p>\n<\/div><\/div><\/div><\/div><\/div><\/div>","protected":false},"excerpt":{"rendered":"<p class=\"translation-block\">Sie wollen Gelsen und andere fliegende Insekten auf nat\u00fcrliche und effektive Weise abwehren? Dann ist die SOme Anti-Insekten-Massagekerze genau das Richtige f\u00fcr Sie.\n\nMeine Kerzen werden sorgf\u00e4ltig aus besten nat\u00fcrlichen Inhaltsstoffen und \u00e4therischen \u00d6len, die Gelsen und andere fliegende Insekten abwehren, hergestellt. Sie wirken im Freien, egal ob Sie campen, picknicken oder einfach auf der Terrasse faulenzen. SOme Anti-Insekten-Massagekerzen verstr\u00f6men einen dezenten und frischen Duft, der entspannt und sind geeignet f\u00fcr eine Massage.\nDas geschmolzene und abgek\u00fchlte Wachs der Kerze kann bei einer Massage auf die Haut aufgetragen warden. \n\nDie SOme Anti-Insekten-Massagekerze ist perfekt f\u00fcr alle, die die Natur ohne Gelsen und fliegende Insekten genie\u00dfen m\u00f6chten und ist auch ein tolles Geschenk f\u00fcr alle, die gerne Zeit im Freien verbringen.<\/p>","protected":false},"featured_media":3195,"comment_status":"closed","ping_status":"closed","template":"","meta":[],"product_brand":[],"product_cat":[24],"product_tag":[58],"class_list":{"0":"post-3189","1":"product","2":"type-product","3":"status-publish","4":"has-post-thumbnail","6":"product_cat-nekategorizirano","7":"product_tag-ostalesvece","9":"first","10":"instock","11":"sale","12":"shipping-taxable","13":"purchasable","14":"product-type-simple"},"_links":{"self":[{"href":"https:\/\/www.somebyljubica.eu\/de\/wp-json\/wp\/v2\/product\/3189","targetHints":{"allow":["GET"]}}],"collection":[{"href":"https:\/\/www.somebyljubica.eu\/de\/wp-json\/wp\/v2\/product"}],"about":[{"href":"https:\/\/www.somebyljubica.eu\/de\/wp-json\/wp\/v2\/types\/product"}],"replies":[{"embeddable":true,"href":"https:\/\/www.somebyljubica.eu\/de\/wp-json\/wp\/v2\/comments?post=3189"}],"wp:featuredmedia":[{"embeddable":true,"href":"https:\/\/www.somebyljubica.eu\/de\/wp-json\/wp\/v2\/media\/3195"}],"wp:attachment":[{"href":"https:\/\/www.somebyljubica.eu\/de\/wp-json\/wp\/v2\/media?parent=3189"}],"wp:term":[{"taxonomy":"product_brand","embeddable":true,"href":"https:\/\/www.somebyljubica.eu\/de\/wp-json\/wp\/v2\/product_brand?post=3189"},{"taxonomy":"product_cat","embeddable":true,"href":"https:\/\/www.somebyljubica.eu\/de\/wp-json\/wp\/v2\/product_cat?post=3189"},{"taxonomy":"product_tag","embeddable":true,"href":"https:\/\/www.somebyljubica.eu\/de\/wp-json\/wp\/v2\/product_tag?post=3189"}],"curies":[{"name":"wp","href":"https:\/\/api.w.org\/{rel}","templated":true}]}}